{"id":603,"date":"2024-02-04T14:15:40","date_gmt":"2024-02-04T14:15:40","guid":{"rendered":"https:\/\/tourkology.com\/?post_type=product&#038;p=603"},"modified":"2024-02-18T18:20:34","modified_gmt":"2024-02-18T18:20:34","slug":"yeni-istanbul-a1-ders-kitabi-calisma-kitabi","status":"publish","type":"product","link":"https:\/\/tourkology.com\/el\/product\/yeni-istanbul-a1-ders-kitabi-calisma-kitabi","title":{"rendered":"YEN\u0130 \u0130STANBUL A1 (Ders Kitab\u0131 + \u00c7al\u0131\u015fma Kitab\u0131)"},"content":{"rendered":"<p>Yeni \u0130STANBUL \u03911: \u03a3\u03b5\u03c4 \u0395\u03ba\u03bc\u03ac\u03b8\u03b7\u03c3\u03b7\u03c2 \u03a4\u03bf\u03c5\u03c1\u03ba\u03b9\u03ba\u03ce\u03bd \u03c4\u03bf\u03c5 \u0130stanbul \u00dcniversitesi Dil Merkezi \u03b3\u03b9\u03b1 \u03b5\u03bd\u03ae\u03bb\u03b9\u03ba\u03b5\u03c2<br \/>\u0397 \u03c3\u03b5\u03b9\u03c1\u03ac \u03b5\u03ba\u03bc\u03ac\u03b8\u03b7\u03c3\u03b7\u03c2 \u03c4\u03bf\u03c5\u03c1\u03ba\u03b9\u03ba\u03ce\u03bd \u03b3\u03b9\u03b1 \u03b5\u03bd\u03ae\u03bb\u03b9\u03ba\u03b5\u03c2 \u03b1\u03c0\u03bf\u03c4\u03b5\u03bb\u03b5\u03af\u03c4\u03b1\u03b9 \u03b1\u03c0\u03cc 5 \u03c3\u03b5\u03c4 (\u03911, \u03912, \u03921, \u03922, C1).<br \/>\u03a4\u03bf \u03c3\u03b5\u03c4 Yeni \u0130STANBUL \u03911 \u03c0\u03b5\u03c1\u03b9\u03bb\u03b1\u03bc\u03b2\u03ac\u03bd\u03b5\u03b9 \u03c4\u03bf \u03b1\u03bd\u03b1\u03b3\u03bd\u03c9\u03c3\u03c4\u03b9\u03ba\u03cc (6 \u03b5\u03bd\u03cc\u03c4\u03b7\u03c4\u03b5\u03c2) \u03ba\u03b1\u03b9 \u03c4\u03bf \u03b2\u03b9\u03b2\u03bb\u03af\u03bf \u03b1\u03c3\u03ba\u03ae\u03c3\u03b5\u03c9\u03bd\u03911 (6 \u03b5\u03bd\u03cc\u03c4\u03b7\u03c4\u03b5\u03c2) course book work book<br \/>\u0393\u03b9\u03b1 \u03c4\u03b1 \u03b1\u03ba\u03bf\u03c5\u03c3\u03c4\u03b9\u03ba\u03ac \u03bc\u03ad\u03c1\u03b7 \u03b8\u03b1 \u03c7\u03c1\u03b7\u03c3\u03b9\u03bc\u03bf\u03c0\u03bf\u03b9\u03ae\u03c3\u03b5\u03c4\u03b5 \u03c4\u03bf\u03bd \u03ba\u03c9\u03b4\u03b9\u03ba\u03cc QR \u03c0\u03bf\u03c5 \u03b8\u03b1 \u03b2\u03c1\u03b5\u03af\u03c4\u03b5 \u03bc\u03ad\u03c3\u03b1 \u03c3\u03c4\u03bf \u03b2\u03b9\u03b2\u03bb\u03af\u03bf<br \/>\u039a\u03ac\u03b8\u03b5 \u03b5\u03bd\u03cc\u03c4\u03b7\u03c4\u03b1 \u03c7\u03c9\u03c1\u03af\u03b6\u03b5\u03c4\u03b1\u03b9 \u03c3\u03c4\u03b1 \u03c0\u03b1\u03c1\u03b1\u03ba\u03ac\u03c4\u03c9:<br \/>\u0394\u03c1\u03b1\u03c3\u03c4\u03b7\u03c1\u03b9\u03cc\u03c4\u03b7\u03c4\u03b1 \u03c0\u03c1\u03bf\u03b5\u03c4\u03bf\u03b9\u03bc\u03b1\u03c3\u03af\u03b1\u03c2<br \/>\u039a\u03b1\u03c4\u03b1\u03bd\u03cc\u03b7\u03c3\u03b7 \u03ba\u03b5\u03b9\u03bc\u03ad\u03bd\u03bf\u03c5<br \/>\u03a0\u03b5\u03af\u03c4\u03b5 \u03bc\u03b1\u03c2 \u03b3\u03b9\u03b1 \u03c3\u03b1\u03c2<br \/>\u0393\u03c1\u03b1\u03bc\u03bc\u03b1\u03c4\u03b9\u03ba\u03ae<br \/>\u0391\u03ba\u03bf\u03c5\u03c3\u03c4\u03b9\u03ba\u03cc<br \/>\u03a0\u03b1\u03c1\u03b1\u03b3\u03c9\u03b3\u03ae \u03b3\u03c1\u03b1\u03c0\u03c4\u03bf\u03cd \u03bb\u03cc\u03b3\u03bf\u03c5<br \/>\u03a0\u03b1\u03c1\u03b1\u03b3\u03c9\u03b3\u03ae \u03c0\u03c1\u03bf\u03c6\u03bf\u03c1\u03b9\u03ba\u03bf\u03cd \u03bb\u03cc\u03b3\u03bf\u03c5<br \/>\u0391\u03c0\u03cc \u03c0\u03bf\u03bb\u03b9\u03c4\u03b9\u03c3\u03bc\u03cc \u03c3\u03b5 \u03c0\u03bf\u03bb\u03b9\u03c4\u03b9\u03c3\u03bc\u03cc<br \/>\u0397 \u03b3\u03bb\u03ce\u03c3\u03c3\u03b1 \u03c4\u03b7\u03c2 \u03c4\u03ac\u03be\u03b7\u03c2<br \/>\u039c\u03b1\u03b8\u03b1\u03af\u03bd\u03bf\u03c5\u03bc\u03b5 \u03b4\u03b9\u03b1\u03c3\u03ba\u03b5\u03b4\u03ac\u03b6\u03bf\u03bd\u03c4\u03b1\u03c2<br \/>A\u03c5\u03c4\u03bf\u03b1\u03be\u03b9\u03bf\u03bb\u03cc\u03b3\u03b7\u03c3\u03b7<br \/>\u039b\u03b5\u03be\u03b9\u03bb\u03cc\u03b3\u03b9\u03bf(<strong>\u0394\u03a9\u03a1\u0395\u0391\u039d<\/strong>)<br \/>\u0391\u03c3\u03ba\u03ae\u03c3\u03b5\u03b9\u03c2 \u03b5\u03bc\u03c0\u03ad\u03b4\u03c9\u03c3\u03b7\u03c2 (\u00c7al\u0131\u015fma Kitab\u0131) \u03bc\u03b5 \u03c4\u03b9\u03c2 \u03bb\u03cd\u03c3\u03b5\u03b9\u03c2 \u03c3\u03c4\u03bf \u03c4\u03ad\u03bb\u03bf\u03c2 \u03c4\u03bf\u03c5 \u03b2\u03b9\u03b2\u03bb\u03af\u03bf\u03c5.<br \/>\u0397 \u03b1\u03c0\u03bf\u03bc\u03b1\u03b3\u03bd\u03b7\u03c4\u03bf\u03c6\u03ce\u03bd\u03b7\u03c3\u03b7 \u03c4\u03bf\u03c5 \u03b7\u03c7\u03b7\u03c4\u03b9\u03ba\u03bf\u03cd \u03bc\u03ad\u03c1\u03bf\u03c5\u03c2 \u03b2\u03c1\u03af\u03c3\u03ba\u03b5\u03c4\u03b1\u03b9 \u03c3\u03c4\u03bf \u03c4\u03ad\u03bb\u03bf\u03c2 \u03c4\u03bf\u03c5 Ders Kitab\u0131<br \/>\u0395\u03c0\u03b9\u03ba\u03bf\u03b9\u03bd\u03c9\u03bd\u03b9\u03b1\u03ba\u03ae \u03ba\u03b1\u03b9 \u03bc\u03b1\u03b8\u03b7\u03c4\u03bf\u03ba\u03b5\u03bd\u03c4\u03c1\u03b9\u03ba\u03ae \u03c0\u03c1\u03bf\u03c3\u03ad\u03b3\u03b3\u03b9\u03c3\u03b7.<br \/>\u03a4\u03bf Yeni \u0130STANBUL \u03911 \u03b1\u03ba\u03bf\u03bb\u03bf\u03c5\u03b8\u03b5\u03af \u03c4\u03b9\u03c2 \u03b4\u03b5\u03be\u03b9\u03cc\u03c4\u03b7\u03c4\u03b5\u03c2 \u03c0\u03bf\u03c5 \u03bf\u03c1\u03af\u03b6\u03b5\u03b9 \u03c4\u03bf \u039a\u03bf\u03b9\u03bd\u03cc \u0395\u03c5\u03c1\u03c9\u03c0\u03b1\u03ca\u03ba\u03cc \u03a0\u03bb\u03b1\u03af\u03c3\u03b9\u03bf \u03b3\u03b9\u03b1 \u03c4\u03b9\u03c2 \u0393\u03bb\u03ce\u03c3\u03c3\u03b5\u03c2.<\/p>","protected":false},"excerpt":{"rendered":"<p>YEN\u0130 \u0130STANBUL A1 (Ders Kitab\u0131 + \u00c7al\u0131\u015fma Kitab\u0131)<\/p>","protected":false},"featured_media":607,"comment_status":"closed","ping_status":"closed","template":"","meta":{"_et_pb_use_builder":"","_et_pb_old_content":"","_et_gb_content_width":"","_monsterinsights_skip_tracking":false,"_monsterinsights_sitenote_active":false,"_monsterinsights_sitenote_note":"","_monsterinsights_sitenote_category":0},"product_brand":[],"product_cat":[32],"product_tag":[24],"class_list":{"0":"post-603","1":"product","2":"type-product","3":"status-publish","4":"has-post-thumbnail","6":"product_cat-32","7":"product_tag-24","9":"first","10":"instock","11":"sale","12":"downloadable","13":"taxable","14":"shipping-taxable","15":"purchasable","16":"product-type-simple"},"aioseo_notices":[],"_links":{"self":[{"href":"https:\/\/tourkology.com\/el\/wp-json\/wp\/v2\/product\/603","targetHints":{"allow":["GET"]}}],"collection":[{"href":"https:\/\/tourkology.com\/el\/wp-json\/wp\/v2\/product"}],"about":[{"href":"https:\/\/tourkology.com\/el\/wp-json\/wp\/v2\/types\/product"}],"replies":[{"embeddable":true,"href":"https:\/\/tourkology.com\/el\/wp-json\/wp\/v2\/comments?post=603"}],"wp:featuredmedia":[{"embeddable":true,"href":"https:\/\/tourkology.com\/el\/wp-json\/wp\/v2\/media\/607"}],"wp:attachment":[{"href":"https:\/\/tourkology.com\/el\/wp-json\/wp\/v2\/media?parent=603"}],"wp:term":[{"taxonomy":"product_brand","embeddable":true,"href":"https:\/\/tourkology.com\/el\/wp-json\/wp\/v2\/product_brand?post=603"},{"taxonomy":"product_cat","embeddable":true,"href":"https:\/\/tourkology.com\/el\/wp-json\/wp\/v2\/product_cat?post=603"},{"taxonomy":"product_tag","embeddable":true,"href":"https:\/\/tourkology.com\/el\/wp-json\/wp\/v2\/product_tag?post=603"}],"curies":[{"name":"wp","href":"https:\/\/api.w.org\/{rel}","templated":true}]}}